{"id":1735,"date":"2023-12-28T16:12:01","date_gmt":"2023-12-28T16:12:01","guid":{"rendered":"https:\/\/strydrunningecuador.com\/?page_id=1735"},"modified":"2023-12-28T16:12:03","modified_gmt":"2023-12-28T16:12:03","slug":"politica-de-privacidad","status":"publish","type":"page","link":"https:\/\/strydrunningecuador.com\/index.php\/politica-de-privacidad\/","title":{"rendered":"POL\u00cdTICA DE PRIVACIDAD"},"content":{"rendered":"\n<p>En Stryd Running, nos comprometemos a proteger la privacidad de nuestros clientes. A continuaci\u00f3n, presentamos nuestra pol\u00edtica de privacidad:<\/p>\n\n\n\n<p><strong>Informaci\u00f3n Recopilada:<\/strong><\/p>\n\n\n\n<p>Recopilamos informaci\u00f3n personal limitada, como nombres, direcciones y direcciones de correo electr\u00f3nico, solo con el prop\u00f3sito de procesar pedidos y mejorar nuestros servicios.<\/p>\n\n\n\n<p><strong>Uso de la Informaci\u00f3n:<\/strong><\/p>\n\n\n\n<p>Utilizamos la informaci\u00f3n recopilada para procesar pedidos, enviar actualizaciones sobre el estado de los pedidos y mejorar la experiencia del cliente. No compartimos su informaci\u00f3n con terceros sin su consentimiento.<\/p>\n\n\n\n<p><strong>Seguridad de la Informaci\u00f3n:<\/strong><\/p>\n\n\n\n<p>Implementamos medidas de seguridad para proteger su informaci\u00f3n contra accesos no autorizados, p\u00e9rdida o alteraci\u00f3n. Utilizamos tecnolog\u00edas seguras para transacciones y almacenamiento de datos.<\/p>\n\n\n\n<p><strong>Cookies:<\/strong><\/p>\n\n\n\n<p>Utilizamos cookies para mejorar la experiencia del usuario. Estas cookies no contienen informaci\u00f3n personal identificable y se utilizan con fines estad\u00edsticos y de personalizaci\u00f3n.<\/p>\n\n\n\n<p><strong>Comunicaciones de Marketing:<\/strong><\/p>\n\n\n\n<p>Solo enviamos comunicaciones de marketing con su consentimiento expreso. Puede optar por no recibir estas comunicaciones en cualquier momento.<\/p>\n\n\n\n<p><strong>Acceso y Control de la Informaci\u00f3n:<\/strong><\/p>\n\n\n\n<p>Le proporcionamos acceso a su informaci\u00f3n personal y la opci\u00f3n de corregirla o eliminarla. Puede ponerse en contacto con nosotros para ejercer sus derechos de privacidad.<\/p>\n","protected":false},"excerpt":{"rendered":"<p>En Stryd Running, nos comprometemos a proteger la privacidad de nuestros clientes. A continuaci\u00f3n, presentamos nuestra pol\u00edtica de privacidad: Informaci\u00f3n Recopilada: Recopilamos informaci\u00f3n personal limitada, como nombres, direcciones y direcciones de correo electr\u00f3nico, solo con el prop\u00f3sito de procesar pedidos y mejorar nuestros servicios. Uso de la Informaci\u00f3n: Utilizamos la informaci\u00f3n recopilada para procesar pedidos, &hellip;<\/p>\n<p class=\"read-more\"> <a class=\"\" href=\"https:\/\/strydrunningecuador.com\/index.php\/politica-de-privacidad\/\"> <span class=\"screen-reader-text\">POL\u00cdTICA DE PRIVACIDAD<\/span> Leer m\u00e1s &raquo;<\/a><\/p>\n","protected":false},"author":1,"featured_media":0,"parent":0,"menu_order":0,"comment_status":"closed","ping_status":"closed","template":"","meta":{"_uag_custom_page_level_css":"","site-sidebar-layout":"default","site-content-layout":"","ast-site-content-layout":"default","site-content-style":"default","site-sidebar-style":"default","ast-global-header-display":"","ast-banner-title-visibility":"","ast-main-header-display":"","ast-hfb-above-header-display":"","ast-hfb-below-header-display":"","ast-hfb-mobile-header-display":"","site-post-title":"","ast-breadcrumbs-content":"","ast-featured-img":"","footer-sml-layout":"","theme-transparent-header-meta":"","adv-header-id-meta":"","stick-header-meta":"","header-above-stick-meta":"","header-main-stick-meta":"","header-below-stick-meta":"","astra-migrate-meta-layouts":"set","ast-page-background-enabled":"default","ast-page-background-meta":{"desktop":{"background-color":"var(--ast-global-color-4)","background-image":"","background-repeat":"repeat","background-position":"center center","background-size":"auto","background-attachment":"scroll","background-type":"","background-media":"","overlay-type":"","overlay-color":"","overlay-gradient":""},"tablet":{"background-color":"","background-image":"","background-repeat":"repeat","background-position":"center center","background-size":"auto","background-attachment":"scroll","background-type":"","background-media":"","overlay-type":"","overlay-color":"","overlay-gradient":""},"mobile":{"background-color":"","background-image":"","background-repeat":"repeat","background-position":"center center","background-size":"auto","background-attachment":"scroll","background-type":"","background-media":"","overlay-type":"","overlay-color":"","overlay-gradient":""}},"ast-content-background-meta":{"desktop":{"background-color":"var(--ast-global-color-5)","background-image":"","background-repeat":"repeat","background-position":"center center","background-size":"auto","background-attachment":"scroll","background-type":"","background-media":"","overlay-type":"","overlay-color":"","overlay-gradient":""},"tablet":{"background-color":"var(--ast-global-color-5)","background-image":"","background-repeat":"repeat","background-position":"center center","background-size":"auto","background-attachment":"scroll","background-type":"","background-media":"","overlay-type":"","overlay-color":"","overlay-gradient":""},"mobile":{"background-color":"var(--ast-global-color-5)","background-image":"","background-repeat":"repeat","background-position":"center center","background-size":"auto","background-attachment":"scroll","background-type":"","background-media":"","overlay-type":"","overlay-color":"","overlay-gradient":""}},"footnotes":""},"jetpack_sharing_enabled":true,"uagb_featured_image_src":{"full":false,"thumbnail":false,"medium":false,"medium_large":false,"large":false,"1536x1536":false,"2048x2048":false,"mailpoet_newsletter_max":false,"woocommerce_thumbnail":false,"woocommerce_single":false,"woocommerce_gallery_thumbnail":false},"uagb_author_info":{"display_name":"tektopia","author_link":"https:\/\/strydrunningecuador.com\/index.php\/author\/strydrunningecuador-com\/"},"uagb_comment_info":0,"uagb_excerpt":"En Stryd Running, nos comprometemos a proteger la privacidad de nuestros clientes. A continuaci\u00f3n, presentamos nuestra pol\u00edtica de privacidad: Informaci\u00f3n Recopilada: Recopilamos informaci\u00f3n personal limitada, como nombres, direcciones y direcciones de correo electr\u00f3nico, solo con el prop\u00f3sito de procesar pedidos y mejorar nuestros servicios. Uso de la Informaci\u00f3n: Utilizamos la informaci\u00f3n recopilada para procesar pedidos,&hellip;","_links":{"self":[{"href":"https:\/\/strydrunningecuador.com\/index.php\/wp-json\/wp\/v2\/pages\/1735"}],"collection":[{"href":"https:\/\/strydrunningecuador.com\/index.php\/wp-json\/wp\/v2\/pages"}],"about":[{"href":"https:\/\/strydrunningecuador.com\/index.php\/wp-json\/wp\/v2\/types\/page"}],"author":[{"embeddable":true,"href":"https:\/\/strydrunningecuador.com\/index.php\/wp-json\/wp\/v2\/users\/1"}],"replies":[{"embeddable":true,"href":"https:\/\/strydrunningecuador.com\/index.php\/wp-json\/wp\/v2\/comments?post=1735"}],"version-history":[{"count":1,"href":"https:\/\/strydrunningecuador.com\/index.php\/wp-json\/wp\/v2\/pages\/1735\/revisions"}],"predecessor-version":[{"id":1755,"href":"https:\/\/strydrunningecuador.com\/index.php\/wp-json\/wp\/v2\/pages\/1735\/revisions\/1755"}],"wp:attachment":[{"href":"https:\/\/strydrunningecuador.com\/index.php\/wp-json\/wp\/v2\/media?parent=1735"}],"curies":[{"name":"wp","href":"https:\/\/api.w.org\/{rel}","templated":true}]}}