{"id":1736,"date":"2023-12-28T16:15:38","date_gmt":"2023-12-28T16:15:38","guid":{"rendered":"https:\/\/strydrunningecuador.com\/?page_id=1736"},"modified":"2023-12-28T16:15:40","modified_gmt":"2023-12-28T16:15:40","slug":"terminos-y-condiciones","status":"publish","type":"page","link":"https:\/\/strydrunningecuador.com\/index.php\/terminos-y-condiciones\/","title":{"rendered":"T\u00c9RMINOS Y CONDICIONES"},"content":{"rendered":"\n<p>A continuaci\u00f3n, presentamos nuestros t\u00e9rminos y condiciones:<\/p>\n\n\n\n<p><strong>Aceptaci\u00f3n de T\u00e9rminos:<\/strong><\/p>\n\n\n\n<p>Al realizar una compra en nuestro sitio web, acepta autom\u00e1ticamente nuestros t\u00e9rminos y condiciones. Lea cuidadosamente antes de realizar una compra.<\/p>\n\n\n\n<p><strong>Propiedad Intelectual:<\/strong><\/p>\n\n\n\n<p>Todos los derechos de propiedad intelectual de productos y contenido en nuestro sitio web son propiedad de Stryd Running. No se permite la reproducci\u00f3n no autorizada.<\/p>\n\n\n\n<p><strong>Cambios en los T\u00e9rminos:<\/strong><\/p>\n\n\n\n<p>Nos reservamos el derecho de modificar estos t\u00e9rminos en cualquier momento. Los cambios ser\u00e1n efectivos inmediatamente despu\u00e9s de su publicaci\u00f3n en el sitio web.<\/p>\n\n\n\n<p><strong>Limitaci\u00f3n de Responsabilidad:<\/strong><\/p>\n\n\n\n<p>No nos hacemos responsables de da\u00f1os indirectos, incidentales o consecuentes relacionados con el uso de nuestros productos.<\/p>\n\n\n\n<p><strong>Jurisdicci\u00f3n y Ley Aplicable:<\/strong><\/p>\n\n\n\n<p>Cualquier disputa se regir\u00e1 por las leyes de Ecuador. Las partes acuerdan someterse a la jurisdicci\u00f3n exclusiva de los tribunales de Cuenca, Ecuador.<\/p>\n\n\n\n<p><strong>Cancelaci\u00f3n de Pedidos:<\/strong><\/p>\n\n\n\n<p>Nos reservamos el derecho de cancelar pedidos en casos de errores de precio, disponibilidad u otras circunstancias imprevistas.<\/p>\n","protected":false},"excerpt":{"rendered":"<p>A continuaci\u00f3n, presentamos nuestros t\u00e9rminos y condiciones: Aceptaci\u00f3n de T\u00e9rminos: Al realizar una compra en nuestro sitio web, acepta autom\u00e1ticamente nuestros t\u00e9rminos y condiciones. Lea cuidadosamente antes de realizar una compra. Propiedad Intelectual: Todos los derechos de propiedad intelectual de productos y contenido en nuestro sitio web son propiedad de Stryd Running. No se permite &hellip;<\/p>\n<p class=\"read-more\"> <a class=\"\" href=\"https:\/\/strydrunningecuador.com\/index.php\/terminos-y-condiciones\/\"> <span class=\"screen-reader-text\">T\u00c9RMINOS Y CONDICIONES<\/span> Leer m\u00e1s &raquo;<\/a><\/p>\n","protected":false},"author":1,"featured_media":0,"parent":0,"menu_order":0,"comment_status":"closed","ping_status":"closed","template":"","meta":{"_uag_custom_page_level_css":"","site-sidebar-layout":"default","site-content-layout":"","ast-site-content-layout":"default","site-content-style":"default","site-sidebar-style":"default","ast-global-header-display":"","ast-banner-title-visibility":"","ast-main-header-display":"","ast-hfb-above-header-display":"","ast-hfb-below-header-display":"","ast-hfb-mobile-header-display":"","site-post-title":"","ast-breadcrumbs-content":"","ast-featured-img":"","footer-sml-layout":"","theme-transparent-header-meta":"","adv-header-id-meta":"","stick-header-meta":"","header-above-stick-meta":"","header-main-stick-meta":"","header-below-stick-meta":"","astra-migrate-meta-layouts":"set","ast-page-background-enabled":"default","ast-page-background-meta":{"desktop":{"background-color":"var(--ast-global-color-4)","background-image":"","background-repeat":"repeat","background-position":"center center","background-size":"auto","background-attachment":"scroll","background-type":"","background-media":"","overlay-type":"","overlay-color":"","overlay-gradient":""},"tablet":{"background-color":"","background-image":"","background-repeat":"repeat","background-position":"center center","background-size":"auto","background-attachment":"scroll","background-type":"","background-media":"","overlay-type":"","overlay-color":"","overlay-gradient":""},"mobile":{"background-color":"","background-image":"","background-repeat":"repeat","background-position":"center center","background-size":"auto","background-attachment":"scroll","background-type":"","background-media":"","overlay-type":"","overlay-color":"","overlay-gradient":""}},"ast-content-background-meta":{"desktop":{"background-color":"var(--ast-global-color-5)","background-image":"","background-repeat":"repeat","background-position":"center center","background-size":"auto","background-attachment":"scroll","background-type":"","background-media":"","overlay-type":"","overlay-color":"","overlay-gradient":""},"tablet":{"background-color":"var(--ast-global-color-5)","background-image":"","background-repeat":"repeat","background-position":"center center","background-size":"auto","background-attachment":"scroll","background-type":"","background-media":"","overlay-type":"","overlay-color":"","overlay-gradient":""},"mobile":{"background-color":"var(--ast-global-color-5)","background-image":"","background-repeat":"repeat","background-position":"center center","background-size":"auto","background-attachment":"scroll","background-type":"","background-media":"","overlay-type":"","overlay-color":"","overlay-gradient":""}},"footnotes":""},"jetpack_sharing_enabled":true,"uagb_featured_image_src":{"full":false,"thumbnail":false,"medium":false,"medium_large":false,"large":false,"1536x1536":false,"2048x2048":false,"mailpoet_newsletter_max":false,"woocommerce_thumbnail":false,"woocommerce_single":false,"woocommerce_gallery_thumbnail":false},"uagb_author_info":{"display_name":"tektopia","author_link":"https:\/\/strydrunningecuador.com\/index.php\/author\/strydrunningecuador-com\/"},"uagb_comment_info":0,"uagb_excerpt":"A continuaci\u00f3n, presentamos nuestros t\u00e9rminos y condiciones: Aceptaci\u00f3n de T\u00e9rminos: Al realizar una compra en nuestro sitio web, acepta autom\u00e1ticamente nuestros t\u00e9rminos y condiciones. Lea cuidadosamente antes de realizar una compra. Propiedad Intelectual: Todos los derechos de propiedad intelectual de productos y contenido en nuestro sitio web son propiedad de Stryd Running. No se permite&hellip;","_links":{"self":[{"href":"https:\/\/strydrunningecuador.com\/index.php\/wp-json\/wp\/v2\/pages\/1736"}],"collection":[{"href":"https:\/\/strydrunningecuador.com\/index.php\/wp-json\/wp\/v2\/pages"}],"about":[{"href":"https:\/\/strydrunningecuador.com\/index.php\/wp-json\/wp\/v2\/types\/page"}],"author":[{"embeddable":true,"href":"https:\/\/strydrunningecuador.com\/index.php\/wp-json\/wp\/v2\/users\/1"}],"replies":[{"embeddable":true,"href":"https:\/\/strydrunningecuador.com\/index.php\/wp-json\/wp\/v2\/comments?post=1736"}],"version-history":[{"count":1,"href":"https:\/\/strydrunningecuador.com\/index.php\/wp-json\/wp\/v2\/pages\/1736\/revisions"}],"predecessor-version":[{"id":1757,"href":"https:\/\/strydrunningecuador.com\/index.php\/wp-json\/wp\/v2\/pages\/1736\/revisions\/1757"}],"wp:attachment":[{"href":"https:\/\/strydrunningecuador.com\/index.php\/wp-json\/wp\/v2\/media?parent=1736"}],"curies":[{"name":"wp","href":"https:\/\/api.w.org\/{rel}","templated":true}]}}